{"id":6162,"date":"2025-10-09T17:28:06","date_gmt":"2025-10-09T15:28:06","guid":{"rendered":"https:\/\/www.bench.ma\/?page_id=6162"},"modified":"2025-11-04T17:14:57","modified_gmt":"2025-11-04T16:14:57","slug":"hydraulique-hydrologie-et-hydrogeologie","status":"publish","type":"page","link":"https:\/\/www.bench.ma\/en\/hydraulique-hydrologie-et-hydrogeologie\/","title":{"rendered":"Hydraulics, Hydrology and Hydrogeology"},"content":{"rendered":"<div data-elementor-type=\"wp-page\" data-elementor-id=\"6162\" class=\"elementor elementor-6162\" data-elementor-post-type=\"page\">\n\t\t\t\t<div class=\"elementor-element elementor-element-58387a4 e-con-full e-flex e-con e-parent\" data-id=\"58387a4\" data-element_type=\"container\" data-settings=\"{&quot;background_background&quot;:&quot;classic&quot;}\">\n\t\t<div class=\"elementor-element elementor-element-a26bc94 e-flex e-con-boxed e-con e-child\" data-id=\"a26bc94\" data-element_type=\"container\">\n\t\t\t\t\t<div class=\"e-con-inner\">\n\t\t\t\t<div class=\"elementor-element elementor-element-ef00515 elementor-widget elementor-widget-hub_fancy_heading\" data-id=\"ef00515\" data-element_type=\"widget\" data-widget_type=\"hub_fancy_heading.default\">\n\t\t\t\t<div class=\"elementor-widget-container\">\n\t\t\t\t\t\n\t\t<div id=\"ld-fancy-heading-69e5fed56ec2a\" class=\"ld-fancy-heading pos-rel\">\n\t\t\t<h2 class=\"ld-fh-element d-inline-block pos-rel  elementor-heading-title lqd-highlight-classic lqd-highlight-grow-left h2\"  > Hydraulics, Hydrology and Hydrogeology<\/h2>\t\t<\/div>\n\n\t\t\t\t\t\t<\/div>\n\t\t\t\t<\/div>\n\t\t\t\t<div class=\"elementor-element elementor-element-828dfb9 elementor-widget elementor-widget-text-editor\" data-id=\"828dfb9\" data-element_type=\"widget\" data-widget_type=\"text-editor.default\">\n\t\t\t\t\t\t\t\t\t<p data-start=\"234\" data-end=\"391\">Design, modeling, and sizing of hydraulic and hydrogeological structures for sustainable water management, flood prevention, and the optimization of natural resources.<\/p>\t\t\t\t\t\t\t\t<\/div>\n\t\t\t\t\t<\/div>\n\t\t\t\t<\/div>\n\t\t\t\t<div class=\"elementor-element elementor-element-792ebbe elementor-cta--skin-cover elementor-cta--valign-bottom elementor-widget__width-initial elementor-invisible elementor-widget elementor-widget-call-to-action\" data-id=\"792ebbe\" data-element_type=\"widget\" data-settings=\"{&quot;_animation&quot;:&quot;fadeInUp&quot;}\" data-widget_type=\"call-to-action.default\">\n\t\t\t\t\t\t\t<div class=\"elementor-cta\">\n\t\t\t\t\t<div class=\"elementor-cta__bg-wrapper\">\n\t\t\t\t<div class=\"elementor-cta__bg elementor-bg\" style=\"background-image: url(https:\/\/www.bench.ma\/wp-content\/uploads\/2022\/06\/expert-72fd1ef2-0c65-475a-ba82-04985f13ccff.jpeg);\" role=\"img\" aria-label=\"expert-72fd1ef2-0c65-475a-ba82-04985f13ccff\"><\/div>\n\t\t\t\t<div class=\"elementor-cta__bg-overlay\"><\/div>\n\t\t\t<\/div>\n\t\t\t\t\t\t\t<div class=\"elementor-cta__content\">\n\t\t\t\t\n\t\t\t\t\t\t\t\t\t<span class=\"elementor-cta__title elementor-cta__content-item elementor-content-item\">\n\t\t\t\t\t\tHydraulics and Flood Protection:\t\t\t\t\t<\/span>\n\t\t\t\t\n\t\t\t\t\t\t\t\t\t<div class=\"elementor-cta__description elementor-cta__content-item elementor-content-item\">\n\t\t\t\t\t\t\u2022 Design and sizing of hydraulic structures <br>\n\u2022 Bank stabilization and ecological developments<br>\n\u2022 Flood protection studies<br>\n\u2022 Hydraulic simulations for flood zone mapping\t\t\t\t\t<\/div>\n\t\t\t\t\n\t\t\t\t\t\t\t<\/div>\n\t\t\t\t\t\t<\/div>\n\t\t\t\t\t\t<\/div>\n\t\t\t\t<div class=\"elementor-element elementor-element-c2f3bdc elementor-cta--skin-cover elementor-cta--valign-bottom elementor-widget__width-initial elementor-invisible elementor-widget elementor-widget-call-to-action\" data-id=\"c2f3bdc\" data-element_type=\"widget\" data-settings=\"{&quot;_animation&quot;:&quot;fadeInUp&quot;,&quot;_animation_delay&quot;:&quot;100&quot;}\" data-widget_type=\"call-to-action.default\">\n\t\t\t\t\t\t\t<div class=\"elementor-cta\">\n\t\t\t\t\t<div class=\"elementor-cta__bg-wrapper\">\n\t\t\t\t<div class=\"elementor-cta__bg elementor-bg\" style=\"background-image: url(https:\/\/www.bench.ma\/wp-content\/uploads\/2025\/10\/expert-fb3a8fd2-b15f-496b-aa8f-df9a7815a70d.jpeg);\" role=\"img\" aria-label=\"expert-fb3a8fd2-b15f-496b-aa8f-df9a7815a70d\"><\/div>\n\t\t\t\t<div class=\"elementor-cta__bg-overlay\"><\/div>\n\t\t\t<\/div>\n\t\t\t\t\t\t\t<div class=\"elementor-cta__content\">\n\t\t\t\t\n\t\t\t\t\t\t\t\t\t<span class=\"elementor-cta__title elementor-cta__content-item elementor-content-item\">\n\t\t\t\t\t\tHydrology and Hydrogeology:\t\t\t\t\t<\/span>\n\t\t\t\t\n\t\t\t\t\t\t\t\t\t<div class=\"elementor-cta__description elementor-cta__content-item elementor-content-item\">\n\t\t\t\t\t\tUpdating of hydrological and rainfall records<br>\n\u2022 Development of telemetry systems and hydrographic databases<br>\n\u2022 Assessment of inflows from hydraulic basins<br>\n\u2022 Development of drought management plans<br>\n\u2022 Master plans for flood forecasting<br>\n\u2022 Urban suitability and flood risk mapping<br>\n\t\t\t\t\t<\/div>\n\t\t\t\t\n\t\t\t\t\t\t\t<\/div>\n\t\t\t\t\t\t<\/div>\n\t\t\t\t\t\t<\/div>\n\t\t\t\t<\/div>\n\t\t<div class=\"elementor-element elementor-element-6f5271c1 e-con-full e-flex e-con e-parent\" data-id=\"6f5271c1\" data-element_type=\"container\" data-settings=\"{&quot;background_background&quot;:&quot;classic&quot;}\">\n\t\t<div class=\"elementor-element elementor-element-99cb32f e-flex e-con-boxed e-con e-child\" data-id=\"99cb32f\" data-element_type=\"container\">\n\t\t\t\t\t<div class=\"e-con-inner\">\n\t\t\t\t<div class=\"elementor-element elementor-element-23474bd elementor-widget elementor-widget-hub_fancy_heading\" data-id=\"23474bd\" data-element_type=\"widget\" data-widget_type=\"hub_fancy_heading.default\">\n\t\t\t\t<div class=\"elementor-widget-container\">\n\t\t\t\t\t\n\t\t<div id=\"ld-fancy-heading-69e5fed570d91\" class=\"ld-fancy-heading pos-rel\">\n\t\t\t<h2 class=\"ld-fh-element d-inline-block pos-rel  elementor-heading-title lqd-highlight-classic lqd-highlight-grow-left h2\"  > Geology, Mining, and Environment<\/h2>\t\t<\/div>\n\n\t\t\t\t\t\t<\/div>\n\t\t\t\t<\/div>\n\t\t\t\t<div class=\"elementor-element elementor-element-f23d1c4 elementor-widget elementor-widget-text-editor\" data-id=\"f23d1c4\" data-element_type=\"widget\" data-widget_type=\"text-editor.default\">\n\t\t\t\t\t\t\t\t\t<p>Integrated geological, mining, and environmental studies for subsurface analysis, sustainable resource development, and effective environmental impact management.<\/p>\t\t\t\t\t\t\t\t<\/div>\n\t\t\t\t\t<\/div>\n\t\t\t\t<\/div>\n\t\t\t\t<div class=\"elementor-element elementor-element-68add80b elementor-cta--skin-cover elementor-cta--valign-bottom elementor-widget__width-initial elementor-invisible elementor-widget elementor-widget-call-to-action\" data-id=\"68add80b\" data-element_type=\"widget\" data-settings=\"{&quot;_animation&quot;:&quot;fadeInUp&quot;}\" data-widget_type=\"call-to-action.default\">\n\t\t\t\t\t\t\t<div class=\"elementor-cta\">\n\t\t\t\t\t<div class=\"elementor-cta__bg-wrapper\">\n\t\t\t\t<div class=\"elementor-cta__bg elementor-bg\" style=\"background-image: url(https:\/\/www.bench.ma\/wp-content\/uploads\/2025\/10\/expert-f4005a82-e1e4-4cbf-b46e-5c96ac99b684.jpeg);\" role=\"img\" aria-label=\"expert-f4005a82-e1e4-4cbf-b46e-5c96ac99b684\"><\/div>\n\t\t\t\t<div class=\"elementor-cta__bg-overlay\"><\/div>\n\t\t\t<\/div>\n\t\t\t\t\t\t\t<div class=\"elementor-cta__content\">\n\t\t\t\t\n\t\t\t\t\t\t\t\t\t<span class=\"elementor-cta__title elementor-cta__content-item elementor-content-item\">\n\t\t\t\t\t\tGeology and Mining Engineering:\t\t\t\t\t<\/span>\n\t\t\t\t\n\t\t\t\t\t\t\t\t\t<div class=\"elementor-cta__description elementor-cta__content-item elementor-content-item\">\n\t\t\t\t\t\t\u2022 Assistance and monitoring of mining operations (drilling, coring, etc.) <br>\n\u2022 Geological, mineralogical, and assessment studies <br>\n\u2022 Delineation of mineral resources and reserve estimation <br>\n\u2022 Mining exploitation and resource development studies <br>\n\u2022 Design and sizing of extraction and processing facilities\t\t\t\t\t<\/div>\n\t\t\t\t\n\t\t\t\t\t\t\t<\/div>\n\t\t\t\t\t\t<\/div>\n\t\t\t\t\t\t<\/div>\n\t\t\t\t<div class=\"elementor-element elementor-element-27b07c90 elementor-cta--skin-cover elementor-cta--valign-bottom elementor-widget__width-initial elementor-invisible elementor-widget elementor-widget-call-to-action\" data-id=\"27b07c90\" data-element_type=\"widget\" data-settings=\"{&quot;_animation&quot;:&quot;fadeInUp&quot;,&quot;_animation_delay&quot;:&quot;100&quot;}\" data-widget_type=\"call-to-action.default\">\n\t\t\t\t\t\t\t<div class=\"elementor-cta\">\n\t\t\t\t\t<div class=\"elementor-cta__bg-wrapper\">\n\t\t\t\t<div class=\"elementor-cta__bg elementor-bg\" style=\"background-image: url(https:\/\/www.bench.ma\/wp-content\/uploads\/2025\/10\/expert-51a25397-cc8f-4869-8a14-5899d53b6952.jpeg);\" role=\"img\" aria-label=\"expert-51a25397-cc8f-4869-8a14-5899d53b6952\"><\/div>\n\t\t\t\t<div class=\"elementor-cta__bg-overlay\"><\/div>\n\t\t\t<\/div>\n\t\t\t\t\t\t\t<div class=\"elementor-cta__content\">\n\t\t\t\t\n\t\t\t\t\t\t\t\t\t<span class=\"elementor-cta__title elementor-cta__content-item elementor-content-item\">\n\t\t\t\t\t\tEnvironmental<br>Impact Studies:\t\t\t\t\t<\/span>\n\t\t\t\t\n\t\t\t\t\t\t\t\t\t<div class=\"elementor-cta__description elementor-cta__content-item elementor-content-item\">\n\t\t\t\t\t\t\u2022 Assessment of impacts on landscape heritage, fauna, and flora<br>\n\u2022 Evaluation of direct and indirect environmental impacts<br>\n\u2022 Waste and tailings management studies<br>\n\u2022 Design and sizing of tailings dams and containment structures<br>\n\u2022 Water treatment and recycling studies<br>\n\t\t\t\t\t<\/div>\n\t\t\t\t\n\t\t\t\t\t\t\t<\/div>\n\t\t\t\t\t\t<\/div>\n\t\t\t\t\t\t<\/div>\n\t\t\t\t<\/div>\n\t\t\t\t<\/div>","protected":false},"excerpt":{"rendered":"<p>Hydraulique, hydrologie et hydrog\u00e9ologie Conception, mod\u00e9lisation et dimensionnement des ouvrages hydrauliques et hydrog\u00e9ologiques pour la gestion durable des eaux, la pr\u00e9vention des inondations et la valorisation des ressources naturelles. Hydraulique et protection contre les inondations : \u2022 \u00c9tude et dimensionnement des ouvrages hydrauliques \u2022 Confortement des berges et am\u00e9nagements \u00e9cologiques \u2022 \u00c9tudes de protection contre [&hellip;]<\/p>","protected":false},"author":1,"featured_media":0,"parent":0,"menu_order":0,"comment_status":"closed","ping_status":"closed","template":"","meta":{"inline_featured_image":false,"two_page_speed":[],"footnotes":""},"class_list":["post-6162","page","type-page","status-publish","hentry"],"_links":{"self":[{"href":"https:\/\/www.bench.ma\/en\/wp-json\/wp\/v2\/pages\/6162","targetHints":{"allow":["GET"]}}],"collection":[{"href":"https:\/\/www.bench.ma\/en\/wp-json\/wp\/v2\/pages"}],"about":[{"href":"https:\/\/www.bench.ma\/en\/wp-json\/wp\/v2\/types\/page"}],"author":[{"embeddable":true,"href":"https:\/\/www.bench.ma\/en\/wp-json\/wp\/v2\/users\/1"}],"replies":[{"embeddable":true,"href":"https:\/\/www.bench.ma\/en\/wp-json\/wp\/v2\/comments?post=6162"}],"version-history":[{"count":18,"href":"https:\/\/www.bench.ma\/en\/wp-json\/wp\/v2\/pages\/6162\/revisions"}],"predecessor-version":[{"id":6310,"href":"https:\/\/www.bench.ma\/en\/wp-json\/wp\/v2\/pages\/6162\/revisions\/6310"}],"wp:attachment":[{"href":"https:\/\/www.bench.ma\/en\/wp-json\/wp\/v2\/media?parent=6162"}],"curies":[{"name":"wp","href":"https:\/\/api.w.org\/{rel}","templated":true}]}}