{"id":5950,"date":"2022-06-10T15:08:57","date_gmt":"2022-06-10T15:08:57","guid":{"rendered":"https:\/\/staging-arc.liquid-themes.com\/construction-two\/?page_id=5950"},"modified":"2025-11-04T17:13:53","modified_gmt":"2025-11-04T16:13:53","slug":"batiments-residentiels-et-industriels","status":"publish","type":"page","link":"https:\/\/www.bench.ma\/en\/batiments-residentiels-et-industriels\/","title":{"rendered":"Residential and Industrial Buildings"},"content":{"rendered":"<div data-elementor-type=\"wp-page\" data-elementor-id=\"5950\" class=\"elementor elementor-5950\" data-elementor-post-type=\"page\">\n\t\t\t\t<div class=\"elementor-element elementor-element-99cb32f e-flex e-con-boxed e-con e-parent\" data-id=\"99cb32f\" data-element_type=\"container\">\n\t\t\t\t\t<div class=\"e-con-inner\">\n\t\t\t\t<div class=\"elementor-element elementor-element-23474bd elementor-widget elementor-widget-hub_fancy_heading\" data-id=\"23474bd\" data-element_type=\"widget\" data-widget_type=\"hub_fancy_heading.default\">\n\t\t\t\t<div class=\"elementor-widget-container\">\n\t\t\t\t\t\n\t\t<div id=\"ld-fancy-heading-69e8a84cc9abc\" class=\"ld-fancy-heading pos-rel\">\n\t\t\t<h2 class=\"ld-fh-element d-inline-block pos-rel  elementor-heading-title lqd-highlight-classic lqd-highlight-grow-left h2\"  > Residential and Industrial Buildings<\/h2>\t\t<\/div>\n\n\t\t\t\t\t\t<\/div>\n\t\t\t\t<\/div>\n\t\t\t\t<div class=\"elementor-element elementor-element-f23d1c4 elementor-widget elementor-widget-text-editor\" data-id=\"f23d1c4\" data-element_type=\"widget\" data-widget_type=\"text-editor.default\">\n\t\t\t\t\t\t\t\t\t<p>Design and engineering of building structures, networks, and technical installations.<\/p>\t\t\t\t\t\t\t\t<\/div>\n\t\t\t\t\t<\/div>\n\t\t\t\t<\/div>\n\t\t<div class=\"elementor-element elementor-element-6f5271c1 e-con-full e-flex e-con e-parent\" data-id=\"6f5271c1\" data-element_type=\"container\" data-settings=\"{&quot;background_background&quot;:&quot;classic&quot;}\">\n\t\t\t\t<div class=\"elementor-element elementor-element-68add80b elementor-cta--skin-cover elementor-cta--valign-bottom elementor-widget__width-initial elementor-invisible elementor-widget elementor-widget-call-to-action\" data-id=\"68add80b\" data-element_type=\"widget\" data-settings=\"{&quot;_animation&quot;:&quot;fadeInUp&quot;}\" data-widget_type=\"call-to-action.default\">\n\t\t\t\t\t\t\t<div class=\"elementor-cta\">\n\t\t\t\t\t<div class=\"elementor-cta__bg-wrapper\">\n\t\t\t\t<div class=\"elementor-cta__bg elementor-bg\" style=\"background-image: url(https:\/\/www.bench.ma\/wp-content\/uploads\/2025\/10\/expert-5e740d33-989a-410c-8eb0-1f299d46eb70.jpeg);\" role=\"img\" aria-label=\"expert-5e740d33-989a-410c-8eb0-1f299d46eb70\"><\/div>\n\t\t\t\t<div class=\"elementor-cta__bg-overlay\"><\/div>\n\t\t\t<\/div>\n\t\t\t\t\t\t\t<div class=\"elementor-cta__content\">\n\t\t\t\t\n\t\t\t\t\t\t\t\t\t<span class=\"elementor-cta__title elementor-cta__content-item elementor-content-item\">\n\t\t\t\t\t\tReinforced Concrete and Steel Structures: <br>\t\t\t\t\t<\/span>\n\t\t\t\t\n\t\t\t\t\t\t\t\t\t<div class=\"elementor-cta__description elementor-cta__content-item elementor-content-item\">\n\t\t\t\t\t\tDesign and structural analysis of load-bearing elements.\t\t\t\t\t<\/div>\n\t\t\t\t\n\t\t\t\t\t\t\t<\/div>\n\t\t\t\t\t\t<\/div>\n\t\t\t\t\t\t<\/div>\n\t\t\t\t<div class=\"elementor-element elementor-element-27b07c90 elementor-cta--skin-cover elementor-cta--valign-bottom elementor-widget__width-initial elementor-invisible elementor-widget elementor-widget-call-to-action\" data-id=\"27b07c90\" data-element_type=\"widget\" data-settings=\"{&quot;_animation&quot;:&quot;fadeInUp&quot;,&quot;_animation_delay&quot;:&quot;100&quot;}\" data-widget_type=\"call-to-action.default\">\n\t\t\t\t\t\t\t<div class=\"elementor-cta\">\n\t\t\t\t\t<div class=\"elementor-cta__bg-wrapper\">\n\t\t\t\t<div class=\"elementor-cta__bg elementor-bg\" style=\"background-image: url(https:\/\/www.bench.ma\/wp-content\/uploads\/2025\/10\/expert-728659e3-59a4-41c8-bdac-e8b3eae35e6e.jpeg);\" role=\"img\" aria-label=\"expert-728659e3-59a4-41c8-bdac-e8b3eae35e6e\"><\/div>\n\t\t\t\t<div class=\"elementor-cta__bg-overlay\"><\/div>\n\t\t\t<\/div>\n\t\t\t\t\t\t\t<div class=\"elementor-cta__content\">\n\t\t\t\t\n\t\t\t\t\t\t\t\t\t<span class=\"elementor-cta__title elementor-cta__content-item elementor-content-item\">\n\t\t\t\t\t\tFluid <br>Networks:\t\t\t\t\t<\/span>\n\t\t\t\t\n\t\t\t\t\t\t\t\t\t<div class=\"elementor-cta__description elementor-cta__content-item elementor-content-item\">\n\t\t\t\t\t\t\u2022 Plumbing and sanitation systems<br>\n\u2022 Heating, Ventilation, and Air Conditioning (HVAC)\t\t\t\t\t<\/div>\n\t\t\t\t\n\t\t\t\t\t\t\t<\/div>\n\t\t\t\t\t\t<\/div>\n\t\t\t\t\t\t<\/div>\n\t\t\t\t<div class=\"elementor-element elementor-element-304632a8 elementor-cta--skin-cover elementor-cta--valign-bottom elementor-widget__width-initial elementor-invisible elementor-widget elementor-widget-call-to-action\" data-id=\"304632a8\" data-element_type=\"widget\" data-settings=\"{&quot;_animation&quot;:&quot;fadeInUp&quot;,&quot;_animation_delay&quot;:&quot;200&quot;}\" data-widget_type=\"call-to-action.default\">\n\t\t\t\t\t\t\t<div class=\"elementor-cta\">\n\t\t\t\t\t<div class=\"elementor-cta__bg-wrapper\">\n\t\t\t\t<div class=\"elementor-cta__bg elementor-bg\" style=\"background-image: url(https:\/\/www.bench.ma\/wp-content\/uploads\/2025\/10\/expert-a971f447-c24c-4542-ba1a-c4c002fbaf37.jpeg);\" role=\"img\" aria-label=\"expert-a971f447-c24c-4542-ba1a-c4c002fbaf37\"><\/div>\n\t\t\t\t<div class=\"elementor-cta__bg-overlay\"><\/div>\n\t\t\t<\/div>\n\t\t\t\t\t\t\t<div class=\"elementor-cta__content\">\n\t\t\t\t\n\t\t\t\t\t\t\t\t\t<span class=\"elementor-cta__title elementor-cta__content-item elementor-content-item\">\n\t\t\t\t\t\tHigh-Voltage (HV)<br> and Low-Voltage (LV) Systems:\t\t\t\t\t<\/span>\n\t\t\t\t\n\t\t\t\t\t\t\t\t\t<div class=\"elementor-cta__description elementor-cta__content-item elementor-content-item\">\n\t\t\t\t\t\t\u2022 Electrical installations and distribution<br>\n\u2022 Telephone and data systems<br>\n\u2022 Access control, intrusion detection, and video surveillance systems<br>\n\u2022 Fire Safety Systems (FSS)\t\t\t\t\t<\/div>\n\t\t\t\t\n\t\t\t\t\t\t\t<\/div>\n\t\t\t\t\t\t<\/div>\n\t\t\t\t\t\t<\/div>\n\t\t<div class=\"elementor-element elementor-element-a26bc94 e-flex e-con-boxed e-con e-child\" data-id=\"a26bc94\" data-element_type=\"container\">\n\t\t\t\t\t<div class=\"e-con-inner\">\n\t\t\t\t<div class=\"elementor-element elementor-element-ef00515 elementor-widget elementor-widget-hub_fancy_heading\" data-id=\"ef00515\" data-element_type=\"widget\" data-widget_type=\"hub_fancy_heading.default\">\n\t\t\t\t<div class=\"elementor-widget-container\">\n\t\t\t\t\t\n\t\t<div id=\"ld-fancy-heading-69e8a84ccb48f\" class=\"ld-fancy-heading pos-rel\">\n\t\t\t<h2 class=\"ld-fh-element d-inline-block pos-rel  elementor-heading-title lqd-highlight-classic lqd-highlight-grow-left h2\"  > Roads, Utilities, and Civil Engineering Structures<\/h2>\t\t<\/div>\n\n\t\t\t\t\t\t<\/div>\n\t\t\t\t<\/div>\n\t\t\t\t<div class=\"elementor-element elementor-element-828dfb9 elementor-widget elementor-widget-text-editor\" data-id=\"828dfb9\" data-element_type=\"widget\" data-widget_type=\"text-editor.default\">\n\t\t\t\t\t\t\t\t\t<p data-start=\"234\" data-end=\"391\">Design, sizing, and development of urban infrastructure \u2014 roads, bridges, sanitation networks, public lighting, and hydraulic structures.<\/p>\t\t\t\t\t\t\t\t<\/div>\n\t\t\t\t\t<\/div>\n\t\t\t\t<\/div>\n\t\t\t\t<\/div>\n\t\t<div class=\"elementor-element elementor-element-58387a4 e-con-full e-flex e-con e-parent\" data-id=\"58387a4\" data-element_type=\"container\" data-settings=\"{&quot;background_background&quot;:&quot;classic&quot;}\">\n\t\t\t\t<div class=\"elementor-element elementor-element-792ebbe elementor-cta--skin-cover elementor-cta--valign-bottom elementor-widget__width-initial elementor-invisible elementor-widget elementor-widget-call-to-action\" data-id=\"792ebbe\" data-element_type=\"widget\" data-settings=\"{&quot;_animation&quot;:&quot;fadeInUp&quot;}\" data-widget_type=\"call-to-action.default\">\n\t\t\t\t\t\t\t<div class=\"elementor-cta\">\n\t\t\t\t\t<div class=\"elementor-cta__bg-wrapper\">\n\t\t\t\t<div class=\"elementor-cta__bg elementor-bg\" style=\"background-image: url(https:\/\/www.bench.ma\/wp-content\/uploads\/2025\/10\/expert-c39e134d-57f3-427f-93dc-065a07f202a9.jpeg);\" role=\"img\" aria-label=\"expert-c39e134d-57f3-427f-93dc-065a07f202a9\"><\/div>\n\t\t\t\t<div class=\"elementor-cta__bg-overlay\"><\/div>\n\t\t\t<\/div>\n\t\t\t\t\t\t\t<div class=\"elementor-cta__content\">\n\t\t\t\t\n\t\t\t\t\t\t\t\t\t<span class=\"elementor-cta__title elementor-cta__content-item elementor-content-item\">\n\t\t\t\t\t\tVoiries, am\u00e9nagements et ouvrages d\u2019art: <br>\t\t\t\t\t<\/span>\n\t\t\t\t\n\t\t\t\t\t\t\t\t\t<div class=\"elementor-cta__description elementor-cta__content-item elementor-content-item\">\n\t\t\t\t\t\t\u2022 Urban and landscape developments <br>\n\u2022 Roads, pathways, and access roads<br>\n\u2022 Bridges, culverts, and civil engineering structures\t\t\t\t\t<\/div>\n\t\t\t\t\n\t\t\t\t\t\t\t<\/div>\n\t\t\t\t\t\t<\/div>\n\t\t\t\t\t\t<\/div>\n\t\t\t\t<div class=\"elementor-element elementor-element-c2f3bdc elementor-cta--skin-cover elementor-cta--valign-bottom elementor-widget__width-initial elementor-invisible elementor-widget elementor-widget-call-to-action\" data-id=\"c2f3bdc\" data-element_type=\"widget\" data-settings=\"{&quot;_animation&quot;:&quot;fadeInUp&quot;,&quot;_animation_delay&quot;:&quot;100&quot;}\" data-widget_type=\"call-to-action.default\">\n\t\t\t\t\t\t\t<div class=\"elementor-cta\">\n\t\t\t\t\t<div class=\"elementor-cta__bg-wrapper\">\n\t\t\t\t<div class=\"elementor-cta__bg elementor-bg\" style=\"background-image: url(https:\/\/www.bench.ma\/wp-content\/uploads\/2025\/10\/expert-828f6dce-877c-436e-86ca-868c082b2104.jpeg);\" role=\"img\" aria-label=\"expert-828f6dce-877c-436e-86ca-868c082b2104\"><\/div>\n\t\t\t\t<div class=\"elementor-cta__bg-overlay\"><\/div>\n\t\t\t<\/div>\n\t\t\t\t\t\t\t<div class=\"elementor-cta__content\">\n\t\t\t\t\n\t\t\t\t\t\t\t\t\t<span class=\"elementor-cta__title elementor-cta__content-item elementor-content-item\">\n\t\t\t\t\t\tWater Supply and Sanitation Networks: <br>\t\t\t\t\t<\/span>\n\t\t\t\t\n\t\t\t\t\t\t\t\t\t<div class=\"elementor-cta__description elementor-cta__content-item elementor-content-item\">\n\t\t\t\t\t\t\u2022 Liquid and road drainage systems<br>\n\u2022 Drinking water supply and distribution<br>\n\u2022 Underground, semi-buried, and elevated reservoirs<br>\n\u2022 Pumping, lifting, and wastewater treatment stations<br>\n\u2022 Retention basins and irrigation networks\t\t\t\t\t<\/div>\n\t\t\t\t\n\t\t\t\t\t\t\t<\/div>\n\t\t\t\t\t\t<\/div>\n\t\t\t\t\t\t<\/div>\n\t\t\t\t<div class=\"elementor-element elementor-element-b096b01 elementor-cta--skin-cover elementor-cta--valign-bottom elementor-widget__width-initial elementor-invisible elementor-widget elementor-widget-call-to-action\" data-id=\"b096b01\" data-element_type=\"widget\" data-settings=\"{&quot;_animation&quot;:&quot;fadeInUp&quot;,&quot;_animation_delay&quot;:&quot;200&quot;}\" data-widget_type=\"call-to-action.default\">\n\t\t\t\t\t\t\t<div class=\"elementor-cta\">\n\t\t\t\t\t<div class=\"elementor-cta__bg-wrapper\">\n\t\t\t\t<div class=\"elementor-cta__bg elementor-bg\" style=\"background-image: url(https:\/\/www.bench.ma\/wp-content\/uploads\/2025\/10\/expert-5efec95e-c0a7-4b65-b32e-e4b0f528373f.jpeg);\" role=\"img\" aria-label=\"expert-5efec95e-c0a7-4b65-b32e-e4b0f528373f\"><\/div>\n\t\t\t\t<div class=\"elementor-cta__bg-overlay\"><\/div>\n\t\t\t<\/div>\n\t\t\t\t\t\t\t<div class=\"elementor-cta__content\">\n\t\t\t\t\n\t\t\t\t\t\t\t\t\t<span class=\"elementor-cta__title elementor-cta__content-item elementor-content-item\">\n\t\t\t\t\t\tElectrical Networks and Energy Systems:<br>\t\t\t\t\t<\/span>\n\t\t\t\t\n\t\t\t\t\t\t\t\t\t<div class=\"elementor-cta__description elementor-cta__content-item elementor-content-item\">\n\t\t\t\t\t\t\u2022 Public lighting<br>\n\u2022 Medium- and low-voltage networks (MV\/LV)<br>\n\u2022 Low-voltage electrical distribution systems\t\t\t\t\t<\/div>\n\t\t\t\t\n\t\t\t\t\t\t\t<\/div>\n\t\t\t\t\t\t<\/div>\n\t\t\t\t\t\t<\/div>\n\t\t\t\t<\/div>\n\t\t\t\t<\/div>","protected":false},"excerpt":{"rendered":"<p>B\u00e2timents r\u00e9sidentiels et industriels \u00c9tudes et conception des structures, r\u00e9seaux et installations techniques du b\u00e2timent. Structures en b\u00e9ton arm\u00e9 et m\u00e9talliques: Conception et dimensionnement des \u00e9l\u00e9ments structuraux. R\u00e9seaux de fluides: \u2022 Plomberie et assainissement ; \u2022 Chauffage, Ventilation et Climatisation (CVC). Courant fort (CFO) et courant faible (CFA): \u2022 Installations et distributions \u00e9lectriques \u2022 Installations [&hellip;]<\/p>","protected":false},"author":1,"featured_media":0,"parent":0,"menu_order":0,"comment_status":"closed","ping_status":"closed","template":"","meta":{"inline_featured_image":false,"two_page_speed":[],"footnotes":""},"class_list":["post-5950","page","type-page","status-publish","hentry"],"_links":{"self":[{"href":"https:\/\/www.bench.ma\/en\/wp-json\/wp\/v2\/pages\/5950","targetHints":{"allow":["GET"]}}],"collection":[{"href":"https:\/\/www.bench.ma\/en\/wp-json\/wp\/v2\/pages"}],"about":[{"href":"https:\/\/www.bench.ma\/en\/wp-json\/wp\/v2\/types\/page"}],"author":[{"embeddable":true,"href":"https:\/\/www.bench.ma\/en\/wp-json\/wp\/v2\/users\/1"}],"replies":[{"embeddable":true,"href":"https:\/\/www.bench.ma\/en\/wp-json\/wp\/v2\/comments?post=5950"}],"version-history":[{"count":32,"href":"https:\/\/www.bench.ma\/en\/wp-json\/wp\/v2\/pages\/5950\/revisions"}],"predecessor-version":[{"id":6307,"href":"https:\/\/www.bench.ma\/en\/wp-json\/wp\/v2\/pages\/5950\/revisions\/6307"}],"wp:attachment":[{"href":"https:\/\/www.bench.ma\/en\/wp-json\/wp\/v2\/media?parent=5950"}],"curies":[{"name":"wp","href":"https:\/\/api.w.org\/{rel}","templated":true}]}}